{"id":80,"date":"2019-08-26T19:26:46","date_gmt":"2019-08-26T19:26:46","guid":{"rendered":"http:\/\/www.lutuset.fi\/?page_id=80"},"modified":"2025-10-02T19:23:50","modified_gmt":"2025-10-02T16:23:50","slug":"mukaan-toimintaan","status":"publish","type":"page","link":"http:\/\/www.lutuset.fi\/index.php\/mukaan-toimintaan\/","title":{"rendered":"Mukaan toimintaan"},"content":{"rendered":"\r\n<p>Tervetuloa mukaan Skinnarilan Lutusten toimintaan! Olitpa sitten vanha konkaripartiolainen tai vasta partiosta ja Lutusten toiminnasta kiinnostunut opiskelija, olet l\u00e4mpim\u00e4sti tervetullut mukaan! Liittyess\u00e4si Lutusten j\u00e4seneksi liityt samalla Suomen Partiolaisten j\u00e4seneksi ja p\u00e4\u00e4set mukaan mahtavan harrastuksen pariin. <strong><a href=\"https:\/\/www.partio.fi\/tule-mukaan\/\" target=\"_blank\" rel=\"noreferrer noopener\" aria-label=\" (avautuu uudessa v\u00e4lilehdess\u00e4)\">T\u00e4\u00e4lt\u00e4<\/a><\/strong> voit lukea lis\u00e4tietoa Suomen Partiolaisista ja partiosta harrastuksena.<\/p>\r\n\r\n\r\n\r\n<h3>Mik\u00e4 j\u00e4senlaji?<\/h3>\r\n\r\n\r\n\r\n<p><strong>Opiskelijaj\u00e4sen<\/strong> = Korkeakouluopiskelija, joka haluaa liitty\u00e4 lippukunnan j\u00e4seneksi ja hyv\u00e4ksyy sen toiminnan ja tarkoituksen. Lippukunnan opiskelijaj\u00e4senell\u00e4 on \u00e4\u00e4nioikeus yhdistyksen kokouksissa ja oikeus osallistua p\u00e4\u00e4t\u00f6ksentekoon.<\/p>\r\n\r\n\r\n\r\n<p><strong>Beeta-j\u00e4sen<\/strong> = Henkil\u00f6, joka haluaa liitty\u00e4 lippukunnan j\u00e4seneksi. Henkil\u00f6 hyv\u00e4ksyy lippukunnan s\u00e4\u00e4nn\u00f6t, toiminnan ja tarkoituksen.<\/p>\r\n\r\n\r\n\r\n<p><strong>Alumnij\u00e4sen<\/strong> = Korkeakouluopintonsa p\u00e4\u00e4tt\u00e4nyt lippukunnan entinen opiskelijaj\u00e4sen.<\/p>\r\n\r\n\r\n\r\n<p>Lippukunnan beeta-, alumni- ja kunniaj\u00e4senell\u00e4 on yhdistyksen kokouksissa l\u00e4sn\u00e4olo- ja puheoikeus.<\/p>\r\n\r\n\r\n\r\n<h3><strong>Okei, haluan mukaan, mit\u00e4 teen?<\/strong><\/h3>\r\n\r\n\r\n\r\n<ol>\r\n<li>\r\n<ul>\r\n<li>Jos <strong>et ole partiolainen<\/strong>, t\u00e4yt\u00e4 j\u00e4senlomake<strong> <a href=\"https:\/\/kuksa.partio.fi\/kotisivut\/jasenhakemus.aspx?id=10786673\" target=\"_blank\" rel=\"noreferrer noopener\" aria-label=\" (avautuu uudessa v\u00e4lilehdess\u00e4)\">t\u00e4\u00e4ll\u00e4.<\/a><\/strong><\/li>\r\n<li>Jos <strong>olet jo partiolainen<\/strong>, tee j\u00e4senhakemus partion asiointipalvelussa seuraamalla &#8221;j\u00e4senhakemus itselle&#8221;-ohjeita <a href=\"https:\/\/www.partio.fi\/partiolaiselle\/apua-ja-ohjeita\/partiorekisteri-kuksa\/partion-asiointipalvelu\/\">partion sivuilta<\/a>.<\/li>\r\n<\/ul>\r\n<\/li>\r\n<li>Mik\u00e4li opiskelet jossain suomalaisessa yliopistossa tai ammattikorkeakoulussa, muista ilmoittaa siit\u00e4 j\u00e4senlomakkeen t\u00e4yt\u00f6n yhteydess\u00e4 lis\u00e4tiedot kohdassa. Ilmoita my\u00f6s, oletko LTKY:n (LUT-Yliopiston ylioppilaskunta) j\u00e4sen.<\/li>\r\n<li>Saat s\u00e4hk\u00f6postiisi laskun noin kuukauden kuluessa j\u00e4senlomakkeen t\u00e4ytt\u00e4misest\u00e4. Muistathan maksaa laskun ajallaan!<\/li>\r\n<\/ol>\r\n\r\n\r\n\r\n<h3>Mit\u00e4 t\u00e4m\u00e4 maksaa?<\/h3>\r\n\r\n\r\n\r\n<p>Partio on edullinen harrastus my\u00f6s opiskelijalle. J\u00e4senmaksu koostuu Suomen Partiolaisten, Etel\u00e4-Karjalan Partiolaisten sek\u00e4 lippukunnan omasta j\u00e4senmaksusta.<\/p>\r\n\r\n\r\n\r\n<ul>\r\n<li>Lutusten liittymismaksu 20 euroa (laskutetaan kerran) ja j\u00e4senmaksu 10 euroa (laskutetaan vuosittain).<\/li>\r\n<li>Suomen Partiolaisten (SP) sek\u00e4 Etel\u00e4-Karjalan Partiolaisten j\u00e4senmaksu, yhteens\u00e4 57 euroa (vuonna 2022). Lis\u00e4\u00e4 tietoa SP:n j\u00e4seneduista <strong><a href=\"https:\/\/www.partio.fi\/partiolaiselle\/jasenpalvelut\/jasenedut\/\">t\u00e4\u00e4ll\u00e4<\/a><\/strong>.\r\n<ul>\r\n<li>P\u00e4\u00e4toimisen opiskelijan on mahdollista hakea vapautusta em. j\u00e4senmaksusta, mik\u00e4li osallistuu vain Lutusten j\u00e4rjest\u00e4miin tapahtumiin.<\/li>\r\n<\/ul>\r\n<\/li>\r\n<\/ul>\r\n\r\n\r\n\r\n<h4>Uudet partiolaiset<\/h4>\r\n\r\n\r\n\r\n<p>Jos liityt partioon syksyll\u00e4, maksat vain Lutusten liittymis- ja j\u00e4senmaksun. Suomen Partiolaisten ja piirin (Etel\u00e4-Karjalan Partiolaisten) j\u00e4senmaksun maksat vasta seuraavalta vuodelta.\u00a0<\/p>\r\n<p>Jos et saa viikon sis\u00e4ll\u00e4 kutsua Lutusten telegram-ryhm\u00e4\u00e4n, olethan yhteydess\u00e4 hallitus@lutuset.fi.\u00a0<\/p>\r\n\r\n\r\n\r\n<h4>Vanhat partiolaiset<\/h4>\r\n\r\n\r\n\r\n<p>Maksat sen piirin j\u00e4senmaksun, miss\u00e4 on ykk\u00f6slippukuntasi. Mik\u00e4li haluat, ett\u00e4 Skinnarilan Lutuset merkit\u00e4\u00e4n Kuksassa ykks\u00f6lippukunnaksesi, ilmoita siit\u00e4 j\u00e4senrekisterinhoitajalle.<\/p>\r\n","protected":false},"excerpt":{"rendered":"<p>Tervetuloa mukaan Skinnarilan Lutusten toimintaan! Olitpa sitten vanha konkaripartiolainen tai vasta partiosta ja Lutusten toiminnasta kiinnostunut opiskelija, olet l\u00e4mpim\u00e4sti tervetullut mukaan! Liittyess\u00e4si Lutusten j\u00e4seneksi liityt&#8230;<\/p>\n","protected":false},"author":1,"featured_media":0,"parent":0,"menu_order":0,"comment_status":"closed","ping_status":"closed","template":"","meta":{"_exactmetrics_skip_tracking":false,"_exactmetrics_sitenote_active":false,"_exactmetrics_sitenote_note":"","_exactmetrics_sitenote_category":0},"_links":{"self":[{"href":"http:\/\/www.lutuset.fi\/index.php\/wp-json\/wp\/v2\/pages\/80"}],"collection":[{"href":"http:\/\/www.lutuset.fi\/index.php\/wp-json\/wp\/v2\/pages"}],"about":[{"href":"http:\/\/www.lutuset.fi\/index.php\/wp-json\/wp\/v2\/types\/page"}],"author":[{"embeddable":true,"href":"http:\/\/www.lutuset.fi\/index.php\/wp-json\/wp\/v2\/users\/1"}],"replies":[{"embeddable":true,"href":"http:\/\/www.lutuset.fi\/index.php\/wp-json\/wp\/v2\/comments?post=80"}],"version-history":[{"count":11,"href":"http:\/\/www.lutuset.fi\/index.php\/wp-json\/wp\/v2\/pages\/80\/revisions"}],"predecessor-version":[{"id":353,"href":"http:\/\/www.lutuset.fi\/index.php\/wp-json\/wp\/v2\/pages\/80\/revisions\/353"}],"wp:attachment":[{"href":"http:\/\/www.lutuset.fi\/index.php\/wp-json\/wp\/v2\/media?parent=80"}],"curies":[{"name":"wp","href":"https:\/\/api.w.org\/{rel}","templated":true}]}}