{"id":185,"date":"2019-09-27T21:36:55","date_gmt":"2019-09-27T21:36:55","guid":{"rendered":"http:\/\/www.lutuset.fi\/?page_id=185"},"modified":"2023-10-03T18:33:59","modified_gmt":"2023-10-03T15:33:59","slug":"185-2","status":"publish","type":"page","link":"http:\/\/www.lutuset.fi\/","title":{"rendered":""},"content":{"rendered":"\r\n<h2 style=\"text-align: center;\"><strong>Tervetuloa Skinnarilan Lutusten nettisivuille!<\/strong><\/h2>\r\n\r\n\r\n\r\n<h3 style=\"text-align: center;\">Olemme vuonna 2018 perustettu, nykyisist\u00e4 ja entisist\u00e4 opiskelijoista koostuva lippukunta. Alkuper\u00e4isen\u00e4 ajatuksenamme oli mahdollistaa partiotoiminta lappeen Rannoille muuttaneille partiolaisille, mutta vuosien my\u00f6t\u00e4 toimintaan on l\u00e4htenyt mukaan my\u00f6s opiskelijoita ilman partiotaustaa. Olet siis tervetullut porukkaamme matalalla kynnyksell\u00e4!<\/h3>\r\n<h3 style=\"text-align: center;\">Toimintamme keskittyy luonnossa liikkumiseen, ulkoiluaktiviteetteihin, er\u00e4- ja partiotaitojen yll\u00e4pitoon ja oppimiseen. T\u00e4rkeimm\u00e4t vuosittaiset tapahtumamme ovat kev\u00e4\u00e4ll\u00e4 ja syksyll\u00e4 j\u00e4rjestett\u00e4v\u00e4t vaellukset. Muuta toimintaa j\u00e4rjest\u00e4mme p\u00e4\u00e4osin j\u00e4senist\u00f6n mielenkiinnon mukaan.<\/h3>\r\n<h3 style=\"text-align: center;\">Kurkkaa Lutusten somesta, miss\u00e4 liikumme ja mit\u00e4 teemme. Ota yhteytt\u00e4 ja tule rohkeasti kokeilemaan, jos toimintamme kiinnostaa.<\/h3>\r\n<p>&nbsp;<\/p>\r\n<h3 style=\"text-align: center;\">\u00a0<\/h3>\r\n","protected":false},"excerpt":{"rendered":"<p>Tervetuloa Skinnarilan Lutusten nettisivuille! Olemme vuonna 2018 perustettu, nykyisist\u00e4 ja entisist\u00e4 opiskelijoista koostuva lippukunta. Alkuper\u00e4isen\u00e4 ajatuksenamme oli mahdollistaa partiotoiminta lappeen Rannoille muuttaneille partiolaisille, mutta vuosien&#8230;<\/p>\n","protected":false},"author":1,"featured_media":0,"parent":0,"menu_order":0,"comment_status":"closed","ping_status":"closed","template":"","meta":{"_exactmetrics_skip_tracking":false,"_exactmetrics_sitenote_active":false,"_exactmetrics_sitenote_note":"","_exactmetrics_sitenote_category":0},"_links":{"self":[{"href":"http:\/\/www.lutuset.fi\/index.php\/wp-json\/wp\/v2\/pages\/185"}],"collection":[{"href":"http:\/\/www.lutuset.fi\/index.php\/wp-json\/wp\/v2\/pages"}],"about":[{"href":"http:\/\/www.lutuset.fi\/index.php\/wp-json\/wp\/v2\/types\/page"}],"author":[{"embeddable":true,"href":"http:\/\/www.lutuset.fi\/index.php\/wp-json\/wp\/v2\/users\/1"}],"replies":[{"embeddable":true,"href":"http:\/\/www.lutuset.fi\/index.php\/wp-json\/wp\/v2\/comments?post=185"}],"version-history":[{"count":6,"href":"http:\/\/www.lutuset.fi\/index.php\/wp-json\/wp\/v2\/pages\/185\/revisions"}],"predecessor-version":[{"id":338,"href":"http:\/\/www.lutuset.fi\/index.php\/wp-json\/wp\/v2\/pages\/185\/revisions\/338"}],"wp:attachment":[{"href":"http:\/\/www.lutuset.fi\/index.php\/wp-json\/wp\/v2\/media?parent=185"}],"curies":[{"name":"wp","href":"https:\/\/api.w.org\/{rel}","templated":true}]}}